{"id":12,"date":"2024-08-25T23:06:29","date_gmt":"2024-08-25T23:06:29","guid":{"rendered":"http:\/\/dntl.com.br\/?page_id=12"},"modified":"2024-08-26T15:51:34","modified_gmt":"2024-08-26T18:51:34","slug":"home","status":"publish","type":"page","link":"https:\/\/dntl.com.br\/","title":{"rendered":"Home"},"content":{"rendered":"\n<div class=\"wp-block-cover alignfull\" style=\"min-height:720px;aspect-ratio:unset;\"><span aria-hidden=\"true\" class=\"wp-block-cover__background has-background-dim-100 has-background-dim has-background-gradient\" style=\"background:linear-gradient(110deg,rgb(6,12,14) 0%,rgb(41,72,92) 48%,rgb(76,134,168) 100%)\"><\/span><div class=\"wp-block-cover__inner-container is-layout-flow wp-block-cover-is-layout-flow\">\n<div class=\"inherit-container-width wp-block-group is-layout-constrained wp-block-group-is-layout-constrained\">\n<div class=\"wp-block-media-text alignwide has-media-on-the-right is-stacked-on-mobile is-vertically-aligned-center\" style=\"grid-template-columns:auto 40%\"><div class=\"wp-block-media-text__content\">\n<h1 class=\"wp-block-heading has-text-align-left has-white-color has-text-color\">Health + Odonto<br>+Tech<\/h1>\n\n\n\n<p>Transformando a gest\u00e3o odontol\u00f3gica com inova\u00e7\u00e3o.<\/p>\n\n\n\n<div class=\"wp-block-buttons is-layout-flex wp-container-core-buttons-is-layout-eaa3e89a wp-block-buttons-is-layout-flex\" style=\"margin-top:var(--wp--preset--spacing--70);margin-bottom:var(--wp--preset--spacing--70)\">\n<div class=\"wp-block-button is-style-fill\"><a class=\"wp-block-button__link wp-element-button\" href=\"https:\/\/dntl.com.br\/?page_id=132\" rel=\"contato\">Comece Agora<\/a><\/div>\n<\/div>\n<\/div><figure class=\"wp-block-media-text__media\"><img loading=\"lazy\" decoding=\"async\" width=\"475\" height=\"327\" src=\"https:\/\/dntl.com.br\/wp-content\/uploads\/2024\/08\/home_bg.png\" alt=\"Dois profissionais de odontologia discutindo o planejamento de tratamento em uma interface digital com a marca DNTL exibida na tela.\" class=\"wp-image-44 size-full\" srcset=\"https:\/\/dntl.com.br\/wp-content\/uploads\/2024\/08\/home_bg.png 475w, https:\/\/dntl.com.br\/wp-content\/uploads\/2024\/08\/home_bg-300x207.png 300w\" sizes=\"auto, (max-width: 475px) 100vw, 475px\" \/><\/figure><\/div>\n<\/div>\n<\/div><\/div>\n\n\n\n<div class=\"wp-block-group alignfull has-ast-global-color-5-background-color has-background is-layout-constrained wp-container-core-group-is-layout-9cedb757 wp-block-group-is-layout-constrained\" id=\"funcionalidades\" style=\"padding-bottom:0px\">\n<div class=\"wp-block-columns are-vertically-aligned-top is-layout-flex wp-container-core-columns-is-layout-00723822 wp-block-columns-is-layout-flex\">\n<div class=\"wp-block-column is-vertically-aligned-top is-layout-flow wp-container-core-column-is-layout-6b73ce23 wp-block-column-is-layout-flow\">\n<figure class=\"wp-block-image size-large has-custom-border is-style-rounded wp-duotone-midnight\"><img decoding=\"async\" src=\"https:\/\/dntl.com.br\/wp-content\/themes\/astra\/inc\/assets\/images\/starter-content\/building.svg\" alt=\"\" class=\"wp-image-134\" style=\"border-style:none;border-width:0px\"\/><\/figure>\n\n\n\n<h3 class=\"wp-block-heading has-text-align-left\" style=\"margin-top:16px\">Gest\u00e3o de Pacientes<\/h3>\n\n\n\n<p class=\"has-text-align-left\">Acompanhe o hist\u00f3rico completo de tratamentos e mantenha o controle sobre o atendimento ao cliente.<\/p>\n<\/div>\n\n\n\n<div class=\"wp-block-column is-vertically-aligned-top is-layout-flow wp-container-core-column-is-layout-6b73ce23 wp-block-column-is-layout-flow\">\n<figure class=\"wp-block-image size-large is-style-rounded wp-duotone-midnight\"><img decoding=\"async\" src=\"https:\/\/dntl.com.br\/wp-content\/themes\/astra\/inc\/assets\/images\/starter-content\/shopping-bag.svg\" alt=\"\" class=\"wp-image-135\"\/><\/figure>\n\n\n\n<h3 class=\"wp-block-heading has-text-align-left\" style=\"margin-top:16px\">ERP e Financeiro<\/h3>\n\n\n\n<p class=\"has-text-align-left\">Gerencie suas finan\u00e7as com ferramentas como Livro Caixa, Contas a Pagar\/Receber e Controle de Pagamentos.<\/p>\n<\/div>\n\n\n\n<div class=\"wp-block-column is-vertically-aligned-top is-layout-flow wp-container-core-column-is-layout-6b73ce23 wp-block-column-is-layout-flow\">\n<figure class=\"wp-block-image size-large is-style-rounded wp-duotone-midnight\"><img decoding=\"async\" src=\"https:\/\/dntl.com.br\/wp-content\/themes\/astra\/inc\/assets\/images\/starter-content\/blog.svg\" alt=\"\" class=\"wp-image-136\"\/><\/figure>\n\n\n\n<h3 class=\"wp-block-heading has-text-align-left\" style=\"margin-top:16px\">CRM Integrado<\/h3>\n\n\n\n<p class=\"has-text-align-left\">Mantenha contato direto com seus pacientes via SMS, e-mail ou WhatsApp, tudo a partir de uma \u00fanica plataforma.<\/p>\n<\/div>\n\n\n\n<div class=\"wp-block-column is-vertically-aligned-top is-layout-flow wp-container-core-column-is-layout-6b73ce23 wp-block-column-is-layout-flow\">\n<figure class=\"wp-block-image size-large is-style-rounded wp-duotone-midnight\"><img decoding=\"async\" src=\"https:\/\/dntl.com.br\/wp-content\/themes\/astra\/inc\/assets\/images\/starter-content\/portfolio.svg\" alt=\"\" class=\"wp-image-137\"\/><\/figure>\n\n\n\n<h3 class=\"wp-block-heading has-text-align-left\" style=\"margin-top:16px\">Gest\u00e3o de Profissionais<\/h3>\n\n\n\n<p class=\"has-text-align-left\">Organize os hor\u00e1rios e atribui\u00e7\u00f5es de dentistas e atendentes de forma eficiente.<\/p>\n<\/div>\n<\/div>\n<\/div>\n\n\n\n<div style=\"height:100px\" aria-hidden=\"true\" class=\"wp-block-spacer\"><\/div>\n\n\n\n<div class=\"wp-block-group alignfull has-background is-content-justification-center is-layout-constrained wp-container-core-group-is-layout-86c0e624 wp-block-group-is-layout-constrained\" style=\"background:linear-gradient(135deg,rgb(255,233,195) 0%,rgb(255,254,254) 88%)\">\n<p class=\"has-medium-font-size\">O <strong>DNTL Cli<\/strong> \u00e9 uma solu\u00e7\u00e3o completa para a gest\u00e3o de cl\u00ednicas odontol\u00f3gicas, integrando ERP e CRM, e oferecendo controle sobre agendamentos, tratamentos, finan\u00e7as e muito mais.<\/p>\n<\/div>\n\n\n\n<div class=\"wp-block-group alignfull has-ast-global-color-5-background-color has-background is-layout-constrained wp-container-core-group-is-layout-94d206d0 wp-block-group-is-layout-constrained\" id=\"about\" style=\"padding-top:143px;padding-bottom:144px\">\n<div class=\"wp-block-media-text has-media-on-the-right is-stacked-on-mobile is-vertically-aligned-center\" style=\"grid-template-columns:auto 47%\"><div class=\"wp-block-media-text__content\">\n<div class=\"inherit-container-width wp-block-group is-layout-constrained wp-container-core-group-is-layout-47ce07ec wp-block-group-is-layout-constrained\" style=\"padding-right:80px\">\n<h2 class=\"wp-block-heading\" style=\"padding-right:40px\">Gest\u00e3o Odontol\u00f3gica Inovadora, Sem Assinaturas<\/h2>\n\n\n\n<p>O DNTL Cli quebra barreiras ao oferecer uma plataforma robusta de gest\u00e3o odontol\u00f3gica sem custos mensais. Use as principais funcionalidades gratuitamente, facilitando o controle do seu neg\u00f3cio desde o primeiro dia.<\/p>\n\n\n\n<p>Com nosso modelo freemium, voc\u00ea acessa diversas ferramentas essenciais e s\u00f3 paga por recursos avan\u00e7ados quando necess\u00e1rio. A liberdade de crescer est\u00e1 ao seu alcance, sem compromissos fixos.<\/p>\n<\/div>\n<\/div><figure class=\"wp-block-media-text__media\"><img loading=\"lazy\" decoding=\"async\" width=\"1024\" height=\"736\" src=\"https:\/\/dntl.com.br\/wp-content\/uploads\/2024\/08\/OdontoTech-1-1024x736.png\" alt=\"Dentista analisando uma radiografia digital de um paciente em uma tela de alta resolu\u00e7\u00e3o, no consult\u00f3rio odontol\u00f3gico.\" class=\"wp-image-116 size-full\" srcset=\"https:\/\/dntl.com.br\/wp-content\/uploads\/2024\/08\/OdontoTech-1-1024x736.png 1024w, https:\/\/dntl.com.br\/wp-content\/uploads\/2024\/08\/OdontoTech-1-300x216.png 300w, https:\/\/dntl.com.br\/wp-content\/uploads\/2024\/08\/OdontoTech-1-768x552.png 768w, https:\/\/dntl.com.br\/wp-content\/uploads\/2024\/08\/OdontoTech-1-1536x1104.png 1536w, https:\/\/dntl.com.br\/wp-content\/uploads\/2024\/08\/OdontoTech-1-2048x1472.png 2048w\" sizes=\"auto, (max-width: 1024px) 100vw, 1024px\" \/><\/figure><\/div>\n<\/div>\n\n\n\n<div class=\"wp-block-group alignfull has-background is-layout-constrained wp-container-core-group-is-layout-6a2cfb7b wp-block-group-is-layout-constrained\" id=\"depoimentos\" style=\"background:linear-gradient(135deg,rgb(166,236,224) 0%,rgb(254,255,255) 100%)\">\n<figure class=\"wp-block-image aligncenter size-full is-style-rounded\"><img loading=\"lazy\" decoding=\"async\" width=\"80\" height=\"80\" src=\"https:\/\/dntl.com.br\/wp-content\/uploads\/2024\/08\/paula_foto.jpg\" alt=\"\" class=\"wp-image-51\"\/><\/figure>\n\n\n\n<p class=\"has-text-align-center\" style=\"font-size:22px;line-height:1.6\">\u201cO DNTL Cli est\u00e1 transformando a gest\u00e3o da minha cl\u00ednica. Agora, tenho controle total sobre os agendamentos, hist\u00f3rico dos pacientes e finan\u00e7as, tudo em um \u00fanico lugar. Essa tecnologia realmente fez a diferen\u00e7a para o crescimento da O\u00e1sis Cl\u00ednica Integrada.\u201d<\/p>\n\n\n\n<p class=\"has-text-align-center\"><strong>Dra. Paula Almeida<\/strong><\/p>\n<\/div>\n\n\n\n<div class=\"wp-block-group is-layout-constrained wp-container-core-group-is-layout-9044d5e5 wp-block-group-is-layout-constrained\" style=\"margin-top:0;margin-bottom:0;padding-top:91px;padding-right:0px;padding-bottom:91px;padding-left:0px\">\n<h2 class=\"wp-block-heading\" id=\"fasebeta\">Por que participar da fase beta?<\/h2>\n\n\n\n<div class=\"wp-block-columns alignwide is-layout-flex wp-container-core-columns-is-layout-29aadeec wp-block-columns-is-layout-flex\" style=\"margin-top:60px\">\n<div class=\"wp-block-column is-layout-flow wp-container-core-column-is-layout-6b73ce23 wp-block-column-is-layout-flow\">\n<figure class=\"wp-block-image size-large is-style-rounded wp-duotone-midnight\"><img decoding=\"async\" src=\"https:\/\/dntl.com.br\/wp-content\/themes\/astra\/inc\/assets\/images\/starter-content\/passionate.svg\" alt=\"\" class=\"wp-image-162\"\/><\/figure>\n\n\n\n<h3 class=\"wp-block-heading\" style=\"margin-top:16px\">Exclusividade<\/h3>\n\n\n\n<p>Ao participar da fase beta, sua cl\u00ednica ter\u00e1 acesso exclusivo \u00e0s funcionalidades mais recentes do DNTL Cli antes do lan\u00e7amento oficial. Isso permitir\u00e1 que voc\u00ea experimente as inova\u00e7\u00f5es em primeira m\u00e3o, dando \u00e0 sua cl\u00ednica uma vantagem competitiva significativa no mercado.<\/p>\n<\/div>\n\n\n\n<div class=\"wp-block-column is-layout-flow wp-container-core-column-is-layout-6b73ce23 wp-block-column-is-layout-flow\">\n<figure class=\"wp-block-image size-large is-style-rounded wp-duotone-midnight\"><img decoding=\"async\" src=\"https:\/\/dntl.com.br\/wp-content\/themes\/astra\/inc\/assets\/images\/starter-content\/professional.svg\" alt=\"\" class=\"wp-image-163\"\/><\/figure>\n\n\n\n<h3 class=\"wp-block-heading\" style=\"margin-top:16px\">Influ\u00eancia<\/h3>\n\n\n\n<p>Sua opini\u00e3o ser\u00e1 fundamental para moldar o futuro do DNTL Cli. Como participante beta, voc\u00ea ter\u00e1 a oportunidade de fornecer feedback direto aos desenvolvedores, influenciando a cria\u00e7\u00e3o de ferramentas que realmente atendam \u00e0s necessidades da sua cl\u00ednica.<\/p>\n<\/div>\n\n\n\n<div class=\"wp-block-column is-layout-flow wp-container-core-column-is-layout-6b73ce23 wp-block-column-is-layout-flow\">\n<figure class=\"wp-block-image size-large is-style-rounded wp-duotone-midnight\"><img decoding=\"async\" src=\"https:\/\/dntl.com.br\/wp-content\/themes\/astra\/inc\/assets\/images\/starter-content\/support.svg\" alt=\"\" class=\"wp-image-164\"\/><\/figure>\n\n\n\n<h3 class=\"wp-block-heading\" style=\"margin-top:16px\">Suporte Priorit\u00e1rio<\/h3>\n\n\n\n<p>Durante a fase beta, voc\u00ea contar\u00e1 com suporte priorit\u00e1rio e dedicado. Nossa equipe estar\u00e1 \u00e0 disposi\u00e7\u00e3o para garantir que voc\u00ea aproveite ao m\u00e1ximo as funcionalidades do DNTL Cli, resolvendo rapidamente qualquer d\u00favida ou desafio que possa surgir.<\/p>\n<\/div>\n<\/div>\n\n\n\n<div class=\"wp-block-buttons is-content-justification-center is-layout-flex wp-container-core-buttons-is-layout-f6c5905b wp-block-buttons-is-layout-flex\" style=\"margin-top:var(--wp--preset--spacing--60);margin-bottom:var(--wp--preset--spacing--60)\">\n<div class=\"wp-block-button\"><a class=\"wp-block-button__link wp-element-button\" href=\"https:\/\/dntl.com.br\/?page_id=132\">Quero Participar<\/a><\/div>\n<\/div>\n<\/div>\n\n\n\n<div class=\"wp-block-group alignwide is-layout-constrained wp-block-group-is-layout-constrained\">\n<h2 class=\"wp-block-heading\" id=\"blog\">Blog<\/h2>\n\n\n\n<div class=\"wp-block-query is-layout-flow wp-block-query-is-layout-flow\"><ul class=\"columns-3 wp-block-post-template is-layout-grid wp-container-core-post-template-is-layout-6d3fbd8f wp-block-post-template-is-layout-grid\"><li class=\"wp-block-post post-61 post type-post status-publish format-standard has-post-thumbnail hentry category-tecnologia-na-odontologia tag-crescimento-sustentavel tag-dntl-cli tag-gestao-de-clinicas tag-inovacao tag-modelo-freemium tag-tecnologia-na-odontologia\">\n\n<div class=\"wp-block-group is-layout-flow wp-block-group-is-layout-flow\" style=\"padding-top:30px;padding-right:30px;padding-bottom:30px;padding-left:30px\"><h2 class=\"wp-block-post-title has-medium-font-size\"><a href=\"https:\/\/dntl.com.br\/?p=61\" target=\"_self\" >Por Que Adotar um Modelo Freemium Pode Ser a Melhor Decis\u00e3o para Sua Cl\u00ednica?<\/a><\/h2>\n\n<div class=\"wp-block-post-excerpt\"><p class=\"wp-block-post-excerpt__excerpt\">O DNTL Cli \u00e9 uma das primeiras plataformas a oferecer um modelo freemium para cl\u00ednicas odontol\u00f3gicas. Entenda como essa inova\u00e7\u00e3o pode ajudar sua cl\u00ednica a acessar funcionalidades essenciais sem custos e crescer de forma sustent\u00e1vel, no seu pr\u00f3prio ritmo. <\/p><\/div>\n\n<div class=\"wp-block-post-date\"><time datetime=\"2024-08-26T01:56:17-03:00\">agosto 26, 2024<\/time><\/div><\/div>\n\n<\/li><li class=\"wp-block-post post-58 post type-post status-publish format-standard has-post-thumbnail hentry category-atendimento-ao-paciente tag-atendimento-odontologico tag-capacitacao-de-equipe tag-dntl-cli tag-experiencia-do-paciente tag-feedback-de-pacientes tag-gestao-de-clinicas tag-tecnologia-na-odontologia\">\n\n<div class=\"wp-block-group is-layout-flow wp-block-group-is-layout-flow\" style=\"padding-top:30px;padding-right:30px;padding-bottom:30px;padding-left:30px\"><h2 class=\"wp-block-post-title has-medium-font-size\"><a href=\"https:\/\/dntl.com.br\/?p=58\" target=\"_self\" >5 Dicas para Otimizar o Atendimento ao Paciente na Sua Cl\u00ednica<\/a><\/h2>\n\n<div class=\"wp-block-post-excerpt\"><p class=\"wp-block-post-excerpt__excerpt\">Melhore o atendimento ao paciente na sua cl\u00ednica odontol\u00f3gica com estas cinco dicas essenciais. De personaliza\u00e7\u00e3o do atendimento a lembretes autom\u00e1ticos, explore como pequenas mudan\u00e7as podem fazer uma grande diferen\u00e7a na satisfa\u00e7\u00e3o e fideliza\u00e7\u00e3o dos seus pacientes. <\/p><\/div>\n\n<div class=\"wp-block-post-date\"><time datetime=\"2024-08-26T01:48:21-03:00\">agosto 26, 2024<\/time><\/div><\/div>\n\n<\/li><li class=\"wp-block-post post-54 post type-post status-publish format-standard has-post-thumbnail hentry category-gestao-odontologica tag-automatizacao tag-dntl-cli tag-experiencia-do-paciente tag-gestao-de-clinicas tag-inovacao-odontologica tag-lgpd-na-odontologia tag-tecnologia-na-odontologia\">\n\n<div class=\"wp-block-group is-layout-flow wp-block-group-is-layout-flow\" style=\"padding-top:30px;padding-right:30px;padding-bottom:30px;padding-left:30px\"><h2 class=\"wp-block-post-title has-medium-font-size\"><a href=\"https:\/\/dntl.com.br\/?p=54\" target=\"_self\" >Como a Tecnologia Est\u00e1 Transformando a Gest\u00e3o de Cl\u00ednicas Odontol\u00f3gicas<\/a><\/h2>\n\n<div class=\"wp-block-post-excerpt\"><p class=\"wp-block-post-excerpt__excerpt\">Descubra como a tecnologia est\u00e1 revolucionando a gest\u00e3o de cl\u00ednicas odontol\u00f3gicas, desde a automatiza\u00e7\u00e3o de processos at\u00e9 a personaliza\u00e7\u00e3o do atendimento ao paciente. Saiba como ferramentas como o DNTL Cli est\u00e3o modernizando a administra\u00e7\u00e3o da sua cl\u00ednica e elevando a experi\u00eancia do paciente a um novo patamar. <\/p><\/div>\n\n<div class=\"wp-block-post-date\"><time datetime=\"2024-08-26T01:32:11-03:00\">agosto 26, 2024<\/time><\/div><\/div>\n\n<\/li><\/ul><\/div>\n\n\n<ul class=\"wp-block-categories-list wp-block-categories\">\t<li class=\"cat-item cat-item-15\"><a href=\"https:\/\/dntl.com.br\/?cat=15\">Atendimento ao Paciente<\/a>\n<\/li>\n\t<li class=\"cat-item cat-item-14\"><a href=\"https:\/\/dntl.com.br\/?cat=14\">Gest\u00e3o Odontol\u00f3gica<\/a>\n<\/li>\n\t<li class=\"cat-item cat-item-20\"><a href=\"https:\/\/dntl.com.br\/?cat=20\">Tecnologia na Odontologia<\/a>\n<\/li>\n<\/ul><\/div>\n\n\n\n<div class=\"wp-block-group alignfull has-background is-layout-constrained wp-container-core-group-is-layout-cfcca693 wp-block-group-is-layout-constrained\" id=\"contato\" style=\"background:linear-gradient(135deg,rgb(76,134,168) 0%,rgb(46,83,105) 100%);padding-top:104px;padding-bottom:104px\">\n<h2 class=\"wp-block-heading has-text-align-center has-text-color\" style=\"color:#ffffff\">Transforme a gest\u00e3o da sua cl\u00ednica com a tecnologia do futuro.<\/h2>\n\n\n\n<div class=\"wp-block-buttons alignwide is-horizontal is-content-justification-center is-layout-flex wp-container-core-buttons-is-layout-bba8380a wp-block-buttons-is-layout-flex\" style=\"margin-top:50px\">\n<div class=\"wp-block-button\"><a class=\"wp-block-button__link wp-element-button\" href=\"https:\/\/dntl.com.br\/?page_id=132\">Comece Agora<\/a><\/div>\n<\/div>\n<\/div>\n\n\n\n<p><\/p>\n","protected":false},"excerpt":{"rendered":"<p>Gest\u00e3o de Pacientes Acompanhe o hist\u00f3rico completo de tratamentos e mantenha o controle sobre o atendimento ao cliente. ERP e Financeiro Gerencie suas finan\u00e7as com ferramentas como Livro Caixa, Contas a Pagar\/Receber e Controle de Pagamentos. CRM Integrado Mantenha contato direto com seus pacientes via SMS, e-mail ou WhatsApp, tudo a partir de uma \u00fanica [&hellip;]<\/p>\n","protected":false},"author":1,"featured_media":0,"parent":0,"menu_order":0,"comment_status":"closed","ping_status":"closed","template":"","meta":{"site-sidebar-layout":"no-sidebar","site-content-layout":"plain-container","ast-site-content-layout":"","site-content-style":"default","site-sidebar-style":"default","ast-global-header-display":"","ast-banner-title-visibility":"","ast-main-header-display":"","ast-hfb-above-header-display":"","ast-hfb-below-header-display":"","ast-hfb-mobile-header-display":"","site-post-title":"disabled","ast-breadcrumbs-content":"","ast-featured-img":"","footer-sml-layout":"","theme-transparent-header-meta":"enabled","adv-header-id-meta":"","stick-header-meta":"","header-above-stick-meta":"","header-main-stick-meta":"","header-below-stick-meta":"","astra-migrate-meta-layouts":"default","ast-page-background-enabled":"default","ast-page-background-meta":{"desktop":{"background-color":"var(--ast-global-color-4)","background-image":"","background-repeat":"repeat","background-position":"center center","background-size":"auto","background-attachment":"scroll","background-type":"","background-media":"","overlay-type":"","overlay-color":"","overlay-opacity":"","overlay-gradient":""},"tablet":{"background-color":"","background-image":"","background-repeat":"repeat","background-position":"center center","background-size":"auto","background-attachment":"scroll","background-type":"","background-media":"","overlay-type":"","overlay-color":"","overlay-opacity":"","overlay-gradient":""},"mobile":{"background-color":"","background-image":"","background-repeat":"repeat","background-position":"center center","background-size":"auto","background-attachment":"scroll","background-type":"","background-media":"","overlay-type":"","overlay-color":"","overlay-opacity":"","overlay-gradient":""}},"ast-content-background-meta":{"desktop":{"background-color":"var(--ast-global-color-5)","background-image":"","background-repeat":"repeat","background-position":"center center","background-size":"auto","background-attachment":"scroll","background-type":"","background-media":"","overlay-type":"","overlay-color":"","overlay-opacity":"","overlay-gradient":""},"tablet":{"background-color":"var(--ast-global-color-5)","background-image":"","background-repeat":"repeat","background-position":"center center","background-size":"auto","background-attachment":"scroll","background-type":"","background-media":"","overlay-type":"","overlay-color":"","overlay-opacity":"","overlay-gradient":""},"mobile":{"background-color":"var(--ast-global-color-5)","background-image":"","background-repeat":"repeat","background-position":"center center","background-size":"auto","background-attachment":"scroll","background-type":"","background-media":"","overlay-type":"","overlay-color":"","overlay-opacity":"","overlay-gradient":""}},"footnotes":""},"class_list":["post-12","page","type-page","status-publish","hentry"],"_links":{"self":[{"href":"https:\/\/dntl.com.br\/index.php?rest_route=\/wp\/v2\/pages\/12","targetHints":{"allow":["GET"]}}],"collection":[{"href":"https:\/\/dntl.com.br\/index.php?rest_route=\/wp\/v2\/pages"}],"about":[{"href":"https:\/\/dntl.com.br\/index.php?rest_route=\/wp\/v2\/types\/page"}],"author":[{"embeddable":true,"href":"https:\/\/dntl.com.br\/index.php?rest_route=\/wp\/v2\/users\/1"}],"replies":[{"embeddable":true,"href":"https:\/\/dntl.com.br\/index.php?rest_route=%2Fwp%2Fv2%2Fcomments&post=12"}],"version-history":[{"count":71,"href":"https:\/\/dntl.com.br\/index.php?rest_route=\/wp\/v2\/pages\/12\/revisions"}],"predecessor-version":[{"id":175,"href":"https:\/\/dntl.com.br\/index.php?rest_route=\/wp\/v2\/pages\/12\/revisions\/175"}],"wp:attachment":[{"href":"https:\/\/dntl.com.br\/index.php?rest_route=%2Fwp%2Fv2%2Fmedia&parent=12"}],"curies":[{"name":"wp","href":"https:\/\/api.w.org\/{rel}","templated":true}]}}