{"id":132,"date":"2024-08-26T12:31:40","date_gmt":"2024-08-26T15:31:40","guid":{"rendered":"https:\/\/dntl.com.br\/?page_id=132"},"modified":"2024-08-26T12:51:52","modified_gmt":"2024-08-26T15:51:52","slug":"contato","status":"publish","type":"page","link":"https:\/\/dntl.com.br\/?page_id=132","title":{"rendered":"Contato"},"content":{"rendered":"\n<p>Estamos entusiasmados em convidar voc\u00ea para participar da fase beta do DNTL Cli, uma oportunidade \u00fanica para transformar a gest\u00e3o da sua cl\u00ednica com as mais recentes inova\u00e7\u00f5es tecnol\u00f3gicas. Preenchendo o formul\u00e1rio, voc\u00ea estar\u00e1 um passo mais perto de experimentar em primeira m\u00e3o todas as funcionalidades que estamos desenvolvendo para facilitar e otimizar o seu dia a dia. Esta \u00e9 a sua chance de fazer parte de algo novo e exclusivo. Inscreva-se agora e esteja entre os primeiros a revolucionar a gest\u00e3o odontol\u00f3gica!<\/p>\n\n\n<style id=\"wpforms-css-vars-root\">\n\t\t\t\t:root {\n\t\t\t\t\t--wpforms-field-border-radius: 3px;\n--wpforms-field-border-style: solid;\n--wpforms-field-border-size: 1px;\n--wpforms-field-background-color: #ffffff;\n--wpforms-field-border-color: rgba( 0, 0, 0, 0.25 );\n--wpforms-field-border-color-spare: rgba( 0, 0, 0, 0.25 );\n--wpforms-field-text-color: rgba( 0, 0, 0, 0.7 );\n--wpforms-field-menu-color: #ffffff;\n--wpforms-label-color: rgba( 0, 0, 0, 0.85 );\n--wpforms-label-sublabel-color: rgba( 0, 0, 0, 0.55 );\n--wpforms-label-error-color: #d63637;\n--wpforms-button-border-radius: 3px;\n--wpforms-button-border-style: none;\n--wpforms-button-border-size: 1px;\n--wpforms-button-background-color: #066aab;\n--wpforms-button-border-color: #066aab;\n--wpforms-button-text-color: #ffffff;\n--wpforms-page-break-color: #066aab;\n--wpforms-background-image: none;\n--wpforms-background-position: center center;\n--wpforms-background-repeat: no-repeat;\n--wpforms-background-size: cover;\n--wpforms-background-width: 100px;\n--wpforms-background-height: 100px;\n--wpforms-background-color: rgba( 0, 0, 0, 0 );\n--wpforms-background-url: none;\n--wpforms-container-padding: 0px;\n--wpforms-container-border-style: none;\n--wpforms-container-border-width: 1px;\n--wpforms-container-border-color: #000000;\n--wpforms-container-border-radius: 3px;\n--wpforms-field-size-input-height: 43px;\n--wpforms-field-size-input-spacing: 15px;\n--wpforms-field-size-font-size: 16px;\n--wpforms-field-size-line-height: 19px;\n--wpforms-field-size-padding-h: 14px;\n--wpforms-field-size-checkbox-size: 16px;\n--wpforms-field-size-sublabel-spacing: 5px;\n--wpforms-field-size-icon-size: 1;\n--wpforms-label-size-font-size: 16px;\n--wpforms-label-size-line-height: 19px;\n--wpforms-label-size-sublabel-font-size: 14px;\n--wpforms-label-size-sublabel-line-height: 17px;\n--wpforms-button-size-font-size: 17px;\n--wpforms-button-size-height: 41px;\n--wpforms-button-size-padding-h: 15px;\n--wpforms-button-size-margin-top: 10px;\n--wpforms-container-shadow-size-box-shadow: none;\n\n\t\t\t\t}\n\t\t\t<\/style><div class=\"wpforms-container wpforms-container-full wpforms-block wpforms-block-f6cd12f0-5875-41ce-b390-5a5bb058cc23 wpforms-render-modern\" id=\"wpforms-129\"><form id=\"wpforms-form-129\" class=\"wpforms-validate wpforms-form wpforms-ajax-form\" data-formid=\"129\" method=\"post\" enctype=\"multipart\/form-data\" action=\"\/index.php?rest_route=%2Fwp%2Fv2%2Fpages%2F132\" data-token=\"8ec11af501f232adf7d3fcc8558ecdba\" data-token-time=\"1775378565\"><noscript class=\"wpforms-error-noscript\">Ative o JavaScript no seu navegador para preencher este formul\u00e1rio.<\/noscript><div class=\"wpforms-hidden\" id=\"wpforms-error-noscript\">Ative o JavaScript no seu navegador para preencher este formul\u00e1rio.<\/div><div class=\"wpforms-field-container\"><div id=\"wpforms-129-field_12-container\" class=\"wpforms-field wpforms-field-text\" data-field-id=\"12\"><label class=\"wpforms-field-label\" for=\"wpforms-129-field_12\">Nome da Cl\u00ednica <span class=\"wpforms-required-label\" aria-hidden=\"true\">*<\/span><\/label><input type=\"text\" id=\"wpforms-129-field_12\" class=\"wpforms-field-medium wpforms-field-required\" name=\"wpforms[fields][12]\" aria-errormessage=\"wpforms-129-field_12-error\" required><\/div><div id=\"wpforms-129-field_9-container\" class=\"wpforms-field wpforms-field-name\" data-field-id=\"9\"><fieldset><legend class=\"wpforms-field-label\">Nome do Propriet\u00e1rio\/Gerente <span class=\"wpforms-required-label\" aria-hidden=\"true\">*<\/span><\/legend><div class=\"wpforms-field-row wpforms-field-medium\"><div class=\"wpforms-field-row-block wpforms-first wpforms-one-half\"><input type=\"text\" id=\"wpforms-129-field_9\" class=\"wpforms-field-name-first wpforms-field-required\" name=\"wpforms[fields][9][first]\" aria-errormessage=\"wpforms-129-field_9-error\" required><label for=\"wpforms-129-field_9\" class=\"wpforms-field-sublabel after\">Nome<\/label><\/div><div class=\"wpforms-field-row-block wpforms-one-half\"><input type=\"text\" id=\"wpforms-129-field_9-last\" class=\"wpforms-field-name-last wpforms-field-required\" name=\"wpforms[fields][9][last]\" aria-errormessage=\"wpforms-129-field_9-last-error\" required><label for=\"wpforms-129-field_9-last\" class=\"wpforms-field-sublabel after\">Sobrenome<\/label><\/div><\/div><\/fieldset><\/div><div id=\"wpforms-129-field_4-container\" class=\"wpforms-field wpforms-field-text\" data-field-id=\"4\"><label class=\"wpforms-field-label\" for=\"wpforms-129-field_4\">Telefone de Contato <span class=\"wpforms-required-label\" aria-hidden=\"true\">*<\/span><\/label><input type=\"text\" id=\"wpforms-129-field_4\" class=\"wpforms-field-medium wpforms-field-required\" name=\"wpforms[fields][4]\" aria-errormessage=\"wpforms-129-field_4-error\" required><\/div><div id=\"wpforms-129-field_7-container\" class=\"wpforms-field wpforms-field-email\" data-field-id=\"7\"><label class=\"wpforms-field-label\" for=\"wpforms-129-field_7\">E-mail <span class=\"wpforms-required-label\" aria-hidden=\"true\">*<\/span><\/label><input type=\"email\" id=\"wpforms-129-field_7\" class=\"wpforms-field-medium wpforms-field-required\" name=\"wpforms[fields][7]\" spellcheck=\"false\" aria-errormessage=\"wpforms-129-field_7-error\" required><\/div><div id=\"wpforms-129-field_13-container\" class=\"wpforms-field wpforms-field-text\" data-field-id=\"13\"><label class=\"wpforms-field-label\" for=\"wpforms-129-field_13\">Cidade\/Estado<\/label><input type=\"text\" id=\"wpforms-129-field_13\" class=\"wpforms-field-medium\" name=\"wpforms[fields][13]\" aria-errormessage=\"wpforms-129-field_13-error\" ><\/div><div id=\"wpforms-129-field_10-container\" class=\"wpforms-field wpforms-field-select wpforms-field-select-style-classic\" data-field-id=\"10\"><label class=\"wpforms-field-label\" for=\"wpforms-129-field_10\">N\u00famero de Funcion\u00e1rios\/Dentistas <span class=\"wpforms-required-label\" aria-hidden=\"true\">*<\/span><\/label><select id=\"wpforms-129-field_10\" class=\"wpforms-field-medium wpforms-field-required\" name=\"wpforms[fields][10]\" required=\"required\"><option value=\"1 - 3\"  selected='selected'>1 &#8211; 3<\/option><option value=\"4 - 10\" >4 &#8211; 10<\/option><option value=\"11 ou Mais\" >11 ou Mais<\/option><\/select><\/div><div id=\"wpforms-129-field_11-container\" class=\"wpforms-field wpforms-field-checkbox wpforms-list-2-columns\" data-field-id=\"11\"><fieldset><legend class=\"wpforms-field-label\">Interesse Espec\u00edfico (selecione at\u00e9 3 op\u00e7\u00f5es)<\/legend><ul id=\"wpforms-129-field_11\" data-choice-limit=\"3\"><li class=\"choice-1 depth-1\"><input type=\"checkbox\" id=\"wpforms-129-field_11_1\" data-rule-check-limit=\"true\" name=\"wpforms[fields][11][]\" value=\"Agendamento\" aria-errormessage=\"wpforms-129-field_11_1-error\"  ><label class=\"wpforms-field-label-inline\" for=\"wpforms-129-field_11_1\">Agendamento<\/label><\/li><li class=\"choice-2 depth-1\"><input type=\"checkbox\" id=\"wpforms-129-field_11_2\" data-rule-check-limit=\"true\" name=\"wpforms[fields][11][]\" value=\"CRM\" aria-errormessage=\"wpforms-129-field_11_2-error\"  ><label class=\"wpforms-field-label-inline\" for=\"wpforms-129-field_11_2\">CRM<\/label><\/li><li class=\"choice-3 depth-1\"><input type=\"checkbox\" id=\"wpforms-129-field_11_3\" data-rule-check-limit=\"true\" name=\"wpforms[fields][11][]\" value=\"Controle Financeiro\" aria-errormessage=\"wpforms-129-field_11_3-error\"  ><label class=\"wpforms-field-label-inline\" for=\"wpforms-129-field_11_3\">Controle Financeiro<\/label><\/li><li class=\"choice-4 depth-1\"><input type=\"checkbox\" id=\"wpforms-129-field_11_4\" data-rule-check-limit=\"true\" name=\"wpforms[fields][11][]\" value=\"Relat\u00f3rios\" aria-errormessage=\"wpforms-129-field_11_4-error\"  ><label class=\"wpforms-field-label-inline\" for=\"wpforms-129-field_11_4\">Relat\u00f3rios<\/label><\/li><li class=\"choice-5 depth-1\"><input type=\"checkbox\" id=\"wpforms-129-field_11_5\" data-rule-check-limit=\"true\" name=\"wpforms[fields][11][]\" value=\"Odontograma\" aria-errormessage=\"wpforms-129-field_11_5-error\"  ><label class=\"wpforms-field-label-inline\" for=\"wpforms-129-field_11_5\">Odontograma<\/label><\/li><li class=\"choice-8 depth-1\"><input type=\"checkbox\" id=\"wpforms-129-field_11_8\" data-rule-check-limit=\"true\" name=\"wpforms[fields][11][]\" value=\"Anamnese\" aria-errormessage=\"wpforms-129-field_11_8-error\"  ><label class=\"wpforms-field-label-inline\" for=\"wpforms-129-field_11_8\">Anamnese<\/label><\/li><li class=\"choice-7 depth-1\"><input type=\"checkbox\" id=\"wpforms-129-field_11_7\" data-rule-check-limit=\"true\" name=\"wpforms[fields][11][]\" value=\"Gest\u00e3o de Contratos\" aria-errormessage=\"wpforms-129-field_11_7-error\"  ><label class=\"wpforms-field-label-inline\" for=\"wpforms-129-field_11_7\">Gest\u00e3o de Contratos<\/label><\/li><li class=\"choice-6 depth-1\"><input type=\"checkbox\" id=\"wpforms-129-field_11_6\" data-rule-check-limit=\"true\" name=\"wpforms[fields][11][]\" value=\"Emiss\u00e3o de Nota Fiscal\" aria-errormessage=\"wpforms-129-field_11_6-error\"  ><label class=\"wpforms-field-label-inline\" for=\"wpforms-129-field_11_6\">Emiss\u00e3o de Nota Fiscal<\/label><\/li><li class=\"choice-9 depth-1\"><input type=\"checkbox\" id=\"wpforms-129-field_11_9\" data-rule-check-limit=\"true\" name=\"wpforms[fields][11][]\" value=\"Gest\u00e3o de Documentos (Raio-X, fotos, etc)\" aria-errormessage=\"wpforms-129-field_11_9-error\"  ><label class=\"wpforms-field-label-inline\" for=\"wpforms-129-field_11_9\">Gest\u00e3o de Documentos (Raio-X, fotos, etc)<\/label><\/li><li class=\"choice-10 depth-1\"><input type=\"checkbox\" id=\"wpforms-129-field_11_10\" data-rule-check-limit=\"true\" name=\"wpforms[fields][11][]\" value=\"Gest\u00e3o de Comiss\u00f5es\" aria-errormessage=\"wpforms-129-field_11_10-error\"  ><label class=\"wpforms-field-label-inline\" for=\"wpforms-129-field_11_10\">Gest\u00e3o de Comiss\u00f5es<\/label><\/li><li class=\"choice-11 depth-1\"><input type=\"checkbox\" id=\"wpforms-129-field_11_11\" data-rule-check-limit=\"true\" name=\"wpforms[fields][11][]\" value=\"Envio de Mensagens\/Lembretes por WhatsApp\/SMS\" aria-errormessage=\"wpforms-129-field_11_11-error\"  ><label class=\"wpforms-field-label-inline\" for=\"wpforms-129-field_11_11\">Envio de Mensagens\/Lembretes por WhatsApp\/SMS<\/label><\/li><\/ul><\/fieldset><\/div><\/div><!-- .wpforms-field-container --><div class=\"wpforms-submit-container\" ><input type=\"hidden\" name=\"wpforms[id]\" value=\"129\"><input type=\"hidden\" name=\"page_title\" value=\"\"><input type=\"hidden\" name=\"page_url\" value=\"https:\/\/dntl.com.br\/index.php?rest_route=%2Fwp%2Fv2%2Fpages%2F132\"><button type=\"submit\" name=\"wpforms[submit]\" id=\"wpforms-submit-129\" class=\"wpforms-submit\" data-alt-text=\"Enviando...\" data-submit-text=\"Inscrever\" aria-live=\"assertive\" value=\"wpforms-submit\">Inscrever<\/button><img loading=\"lazy\" decoding=\"async\" src=\"https:\/\/dntl.com.br\/wp-content\/plugins\/wpforms-lite\/assets\/images\/submit-spin.svg\" class=\"wpforms-submit-spinner\" style=\"display: none;\" width=\"26\" height=\"26\" alt=\"Carregando\"><\/div><\/form><\/div>  <!-- .wpforms-container -->","protected":false},"excerpt":{"rendered":"<p>Estamos entusiasmados em convidar voc\u00ea para participar da fase beta do DNTL Cli, uma oportunidade \u00fanica para transformar a gest\u00e3o da sua cl\u00ednica com as mais recentes inova\u00e7\u00f5es tecnol\u00f3gicas. Preenchendo o formul\u00e1rio, voc\u00ea estar\u00e1 um passo mais perto de experimentar em primeira m\u00e3o todas as funcionalidades que estamos desenvolvendo para facilitar e otimizar o seu [&hellip;]<\/p>\n","protected":false},"author":1,"featured_media":0,"parent":0,"menu_order":0,"comment_status":"closed","ping_status":"closed","template":"","meta":{"site-sidebar-layout":"default","site-content-layout":"","ast-site-content-layout":"","site-content-style":"default","site-sidebar-style":"default","ast-global-header-display":"","ast-banner-title-visibility":"","ast-main-header-display":"","ast-hfb-above-header-display":"","ast-hfb-below-header-display":"","ast-hfb-mobile-header-display":"","site-post-title":"","ast-breadcrumbs-content":"","ast-featured-img":"","footer-sml-layout":"","theme-transparent-header-meta":"","adv-header-id-meta":"","stick-header-meta":"","header-above-stick-meta":"","header-main-stick-meta":"","header-below-stick-meta":"","astra-migrate-meta-layouts":"default","ast-page-background-enabled":"default","ast-page-background-meta":{"desktop":{"background-color":"var(--ast-global-color-4)","background-image":"","background-repeat":"repeat","background-position":"center center","background-size":"auto","background-attachment":"scroll","background-type":"","background-media":"","overlay-type":"","overlay-color":"","overlay-opacity":"","overlay-gradient":""},"tablet":{"background-color":"","background-image":"","background-repeat":"repeat","background-position":"center center","background-size":"auto","background-attachment":"scroll","background-type":"","background-media":"","overlay-type":"","overlay-color":"","overlay-opacity":"","overlay-gradient":""},"mobile":{"background-color":"","background-image":"","background-repeat":"repeat","background-position":"center center","background-size":"auto","background-attachment":"scroll","background-type":"","background-media":"","overlay-type":"","overlay-color":"","overlay-opacity":"","overlay-gradient":""}},"ast-content-background-meta":{"desktop":{"background-color":"var(--ast-global-color-5)","background-image":"","background-repeat":"repeat","background-position":"center center","background-size":"auto","background-attachment":"scroll","background-type":"","background-media":"","overlay-type":"","overlay-color":"","overlay-opacity":"","overlay-gradient":""},"tablet":{"background-color":"var(--ast-global-color-5)","background-image":"","background-repeat":"repeat","background-position":"center center","background-size":"auto","background-attachment":"scroll","background-type":"","background-media":"","overlay-type":"","overlay-color":"","overlay-opacity":"","overlay-gradient":""},"mobile":{"background-color":"var(--ast-global-color-5)","background-image":"","background-repeat":"repeat","background-position":"center center","background-size":"auto","background-attachment":"scroll","background-type":"","background-media":"","overlay-type":"","overlay-color":"","overlay-opacity":"","overlay-gradient":""}},"footnotes":""},"class_list":["post-132","page","type-page","status-publish","hentry"],"_links":{"self":[{"href":"https:\/\/dntl.com.br\/index.php?rest_route=\/wp\/v2\/pages\/132","targetHints":{"allow":["GET"]}}],"collection":[{"href":"https:\/\/dntl.com.br\/index.php?rest_route=\/wp\/v2\/pages"}],"about":[{"href":"https:\/\/dntl.com.br\/index.php?rest_route=\/wp\/v2\/types\/page"}],"author":[{"embeddable":true,"href":"https:\/\/dntl.com.br\/index.php?rest_route=\/wp\/v2\/users\/1"}],"replies":[{"embeddable":true,"href":"https:\/\/dntl.com.br\/index.php?rest_route=%2Fwp%2Fv2%2Fcomments&post=132"}],"version-history":[{"count":2,"href":"https:\/\/dntl.com.br\/index.php?rest_route=\/wp\/v2\/pages\/132\/revisions"}],"predecessor-version":[{"id":135,"href":"https:\/\/dntl.com.br\/index.php?rest_route=\/wp\/v2\/pages\/132\/revisions\/135"}],"wp:attachment":[{"href":"https:\/\/dntl.com.br\/index.php?rest_route=%2Fwp%2Fv2%2Fmedia&parent=132"}],"curies":[{"name":"wp","href":"https:\/\/api.w.org\/{rel}","templated":true}]}}